{"id":4279,"date":"2022-06-19T03:10:27","date_gmt":"2022-06-19T01:10:27","guid":{"rendered":"https:\/\/bimed.ma\/?post_type=product&#038;p=4279"},"modified":"2023-03-20T21:12:23","modified_gmt":"2023-03-20T20:12:23","slug":"blouse-manches-longues","status":"publish","type":"product","link":"https:\/\/bimed.ma\/index.php\/produit\/blouse-manches-longues\/","title":{"rendered":"Blouse &#8211; Manches longues"},"content":{"rendered":"<p><strong>-2 poches plaqu\u00e9es profondes <\/strong><\/p>\n<p><strong>-1 poche passepoil\u00e9e c\u00f4t\u00e9 coeur <\/strong><\/p>\n<p><strong>-Coupe droite <\/strong><\/p>\n<p><strong>-Col chemisier<\/strong><\/p>\n<p><strong>-Manches longues<\/strong><\/p>\n<p><strong>-Boutons pression pratiques et fonctionnels <\/strong><\/p>\n<p><strong>-Cache boutons pour plus d\u2019\u00e9l\u00e9gance<\/strong><\/p>\n","protected":false},"excerpt":{"rendered":"<p><strong>-2 poches plaqu\u00e9es profondes <\/strong><\/p>\n<p><strong>-1 poche passepoil\u00e9e c\u00f4t\u00e9 coeur <\/strong><\/p>\n<p><strong>-Coupe droite <\/strong><\/p>\n<p><strong>-Col chemisier<\/strong><\/p>\n<p><strong>-Manches longues<\/strong><\/p>\n<p><strong>-Boutons pression pratiques et fonctionnels <\/strong><\/p>\n<p><strong>-Cache boutons pour plus d\u2019\u00e9l\u00e9gance<\/strong><\/p>\n","protected":false},"featured_media":5638,"comment_status":"open","ping_status":"closed","template":"","meta":{"om_disable_all_campaigns":false,"site-sidebar-layout":"default","site-content-layout":"default","ast-site-content-layout":"default","site-content-style":"default","site-sidebar-style":"default","ast-global-header-display":"","ast-banner-title-visibility":"","ast-main-header-display":"","ast-hfb-above-header-display":"","ast-hfb-below-header-display":"","ast-hfb-mobile-header-display":"","site-post-title":"","ast-breadcrumbs-content":"","ast-featured-img":"","footer-sml-layout":"","ast-disable-related-posts":"","theme-transparent-header-meta":"default","adv-header-id-meta":"","stick-header-meta":"","header-above-stick-meta":"","header-main-stick-meta":"","header-below-stick-meta":"","astra-migrate-meta-layouts":"default","ast-page-background-enabled":"default","ast-page-background-meta":{"desktop":{"background-color":"","background-image":"","background-repeat":"repeat","background-position":"center center","background-size":"auto","background-attachment":"scroll","background-type":"","background-media":"","overlay-type":"","overlay-color":"","overlay-opacity":"","overlay-gradient":""},"tablet":{"background-color":"","background-image":"","background-repeat":"repeat","background-position":"center center","background-size":"auto","background-attachment":"scroll","background-type":"","background-media":"","overlay-type":"","overlay-color":"","overlay-opacity":"","overlay-gradient":""},"mobile":{"background-color":"","background-image":"","background-repeat":"repeat","background-position":"center center","background-size":"auto","background-attachment":"scroll","background-type":"","background-media":"","overlay-type":"","overlay-color":"","overlay-opacity":"","overlay-gradient":""}},"ast-content-background-meta":{"desktop":{"background-color":"var(--ast-global-color-5)","background-image":"","background-repeat":"repeat","background-position":"center center","background-size":"auto","background-attachment":"scroll","background-type":"","background-media":"","overlay-type":"","overlay-color":"","overlay-opacity":"","overlay-gradient":""},"tablet":{"background-color":"var(--ast-global-color-5)","background-image":"","background-repeat":"repeat","background-position":"center center","background-size":"auto","background-attachment":"scroll","background-type":"","background-media":"","overlay-type":"","overlay-color":"","overlay-opacity":"","overlay-gradient":""},"mobile":{"background-color":"var(--ast-global-color-5)","background-image":"","background-repeat":"repeat","background-position":"center center","background-size":"auto","background-attachment":"scroll","background-type":"","background-media":"","overlay-type":"","overlay-color":"","overlay-opacity":"","overlay-gradient":""}}},"product_brand":[],"product_cat":[15,72],"product_tag":[],"class_list":{"0":"post-4279","1":"product","2":"type-product","3":"status-publish","4":"has-post-thumbnail","6":"product_cat-blouses-anti-taches","7":"product_cat-collection-hommes","8":"pa_taille-l","9":"pa_taille-m","10":"pa_taille-s","11":"pa_taille-xl","12":"pa_taille-xxl","13":"desktop-align-center","14":"tablet-align-center","15":"mobile-align-left","17":"first","18":"instock","19":"shipping-taxable","20":"purchasable","21":"product-type-variable"},"aioseo_notices":[],"jetpack-related-posts":[],"jetpack_sharing_enabled":true,"_links":{"self":[{"href":"https:\/\/bimed.ma\/index.php\/wp-json\/wp\/v2\/product\/4279","targetHints":{"allow":["GET"]}}],"collection":[{"href":"https:\/\/bimed.ma\/index.php\/wp-json\/wp\/v2\/product"}],"about":[{"href":"https:\/\/bimed.ma\/index.php\/wp-json\/wp\/v2\/types\/product"}],"replies":[{"embeddable":true,"href":"https:\/\/bimed.ma\/index.php\/wp-json\/wp\/v2\/comments?post=4279"}],"version-history":[{"count":0,"href":"https:\/\/bimed.ma\/index.php\/wp-json\/wp\/v2\/product\/4279\/revisions"}],"wp:featuredmedia":[{"embeddable":true,"href":"https:\/\/bimed.ma\/index.php\/wp-json\/wp\/v2\/media\/5638"}],"wp:attachment":[{"href":"https:\/\/bimed.ma\/index.php\/wp-json\/wp\/v2\/media?parent=4279"}],"wp:term":[{"taxonomy":"product_brand","embeddable":true,"href":"https:\/\/bimed.ma\/index.php\/wp-json\/wp\/v2\/product_brand?post=4279"},{"taxonomy":"product_cat","embeddable":true,"href":"https:\/\/bimed.ma\/index.php\/wp-json\/wp\/v2\/product_cat?post=4279"},{"taxonomy":"product_tag","embeddable":true,"href":"https:\/\/bimed.ma\/index.php\/wp-json\/wp\/v2\/product_tag?post=4279"}],"curies":[{"name":"wp","href":"https:\/\/api.w.org\/{rel}","templated":true}]}}