{"id":8938,"date":"2024-03-15T22:49:44","date_gmt":"2024-03-15T21:49:44","guid":{"rendered":"https:\/\/bimed.ma\/?post_type=product&#038;p=8938"},"modified":"2024-03-15T23:04:47","modified_gmt":"2024-03-15T22:04:47","slug":"veste-polaire-bleu-marine-2","status":"publish","type":"product","link":"https:\/\/bimed.ma\/index.php\/produit\/veste-polaire-bleu-marine-2\/","title":{"rendered":"Veste Polaire &#8211; Bleu marine"},"content":{"rendered":"<ul>\n<li>Fermeture centrale zipp\u00e9e<\/li>\n<li>2 Grandes Poches Kangourou<\/li>\n<li>2 Poches lat\u00e9rales<\/li>\n<li>1 poche poitrine<\/li>\n<li>Coupe ajust\u00e9e pour plus de confort et d\u2019\u00e9l\u00e9gance<\/li>\n<\/ul>\n","protected":false},"excerpt":{"rendered":"<p>Fermeture centrale zipp\u00e9e 2 Grandes Poches Kangourou 2 Poches lat\u00e9rales 1 poche poitrine Coupe ajust\u00e9e pour plus de confort et d\u2019\u00e9l\u00e9gance<\/p>\n","protected":false},"featured_media":8860,"comment_status":"open","ping_status":"closed","template":"","meta":{"om_disable_all_campaigns":false,"site-sidebar-layout":"default","site-content-layout":"","ast-site-content-layout":"default","site-content-style":"default","site-sidebar-style":"default","ast-global-header-display":"","ast-banner-title-visibility":"","ast-main-header-display":"","ast-hfb-above-header-display":"","ast-hfb-below-header-display":"","ast-hfb-mobile-header-display":"","site-post-title":"","ast-breadcrumbs-content":"","ast-featured-img":"","footer-sml-layout":"","ast-disable-related-posts":"","theme-transparent-header-meta":"default","adv-header-id-meta":"","stick-header-meta":"","header-above-stick-meta":"","header-main-stick-meta":"","header-below-stick-meta":"","astra-migrate-meta-layouts":"set","ast-page-background-enabled":"default","ast-page-background-meta":{"desktop":{"background-color":"","background-image":"","background-repeat":"repeat","background-position":"center center","background-size":"auto","background-attachment":"scroll","background-type":"","background-media":"","overlay-type":"","overlay-color":"","overlay-opacity":"","overlay-gradient":""},"tablet":{"background-color":"","background-image":"","background-repeat":"repeat","background-position":"center center","background-size":"auto","background-attachment":"scroll","background-type":"","background-media":"","overlay-type":"","overlay-color":"","overlay-opacity":"","overlay-gradient":""},"mobile":{"background-color":"","background-image":"","background-repeat":"repeat","background-position":"center center","background-size":"auto","background-attachment":"scroll","background-type":"","background-media":"","overlay-type":"","overlay-color":"","overlay-opacity":"","overlay-gradient":""}},"ast-content-background-meta":{"desktop":{"background-color":"var(--ast-global-color-5)","background-image":"","background-repeat":"repeat","background-position":"center center","background-size":"auto","background-attachment":"scroll","background-type":"","background-media":"","overlay-type":"","overlay-color":"","overlay-opacity":"","overlay-gradient":""},"tablet":{"background-color":"var(--ast-global-color-5)","background-image":"","background-repeat":"repeat","background-position":"center center","background-size":"auto","background-attachment":"scroll","background-type":"","background-media":"","overlay-type":"","overlay-color":"","overlay-opacity":"","overlay-gradient":""},"mobile":{"background-color":"var(--ast-global-color-5)","background-image":"","background-repeat":"repeat","background-position":"center center","background-size":"auto","background-attachment":"scroll","background-type":"","background-media":"","overlay-type":"","overlay-color":"","overlay-opacity":"","overlay-gradient":""}}},"product_brand":[],"product_cat":[72,147],"product_tag":[],"class_list":{"0":"post-8938","1":"product","2":"type-product","3":"status-publish","4":"has-post-thumbnail","6":"product_cat-collection-hommes","7":"product_cat-vestes-polaires","8":"pa_taille-l","9":"pa_taille-m","10":"pa_taille-s","11":"pa_taille-xl","12":"pa_taille-xxl","13":"desktop-align-center","14":"tablet-align-center","15":"mobile-align-left","17":"first","18":"instock","19":"shipping-taxable","20":"purchasable","21":"product-type-variable"},"aioseo_notices":[],"jetpack-related-posts":[],"jetpack_sharing_enabled":true,"_links":{"self":[{"href":"https:\/\/bimed.ma\/index.php\/wp-json\/wp\/v2\/product\/8938","targetHints":{"allow":["GET"]}}],"collection":[{"href":"https:\/\/bimed.ma\/index.php\/wp-json\/wp\/v2\/product"}],"about":[{"href":"https:\/\/bimed.ma\/index.php\/wp-json\/wp\/v2\/types\/product"}],"replies":[{"embeddable":true,"href":"https:\/\/bimed.ma\/index.php\/wp-json\/wp\/v2\/comments?post=8938"}],"version-history":[{"count":0,"href":"https:\/\/bimed.ma\/index.php\/wp-json\/wp\/v2\/product\/8938\/revisions"}],"wp:featuredmedia":[{"embeddable":true,"href":"https:\/\/bimed.ma\/index.php\/wp-json\/wp\/v2\/media\/8860"}],"wp:attachment":[{"href":"https:\/\/bimed.ma\/index.php\/wp-json\/wp\/v2\/media?parent=8938"}],"wp:term":[{"taxonomy":"product_brand","embeddable":true,"href":"https:\/\/bimed.ma\/index.php\/wp-json\/wp\/v2\/product_brand?post=8938"},{"taxonomy":"product_cat","embeddable":true,"href":"https:\/\/bimed.ma\/index.php\/wp-json\/wp\/v2\/product_cat?post=8938"},{"taxonomy":"product_tag","embeddable":true,"href":"https:\/\/bimed.ma\/index.php\/wp-json\/wp\/v2\/product_tag?post=8938"}],"curies":[{"name":"wp","href":"https:\/\/api.w.org\/{rel}","templated":true}]}}